{"id":890,"date":"2025-06-09T09:53:48","date_gmt":"2025-06-09T09:53:48","guid":{"rendered":"https:\/\/metal-komplex.pl\/?page_id=890"},"modified":"2025-06-24T12:32:58","modified_gmt":"2025-06-24T12:32:58","slug":"certyfikaty","status":"publish","type":"page","link":"https:\/\/metal-komplex.pl\/?page_id=890","title":{"rendered":"Certyfikaty"},"content":{"rendered":"\t\t<div data-elementor-type=\"wp-page\" data-elementor-id=\"890\" class=\"elementor elementor-890\">\n\t\t\t\t\t\t<section class=\"elementor-section elementor-top-section elementor-element elementor-element-ee08070 elementor-section-boxed elementor-section-height-default elementor-section-height-default wpr-particle-no wpr-jarallax-no wpr-parallax-no wpr-sticky-section-no\" data-id=\"ee08070\" data-element_type=\"section\">\n\t\t\t\t\t\t<div class=\"elementor-container elementor-column-gap-default\">\n\t\t\t\t\t<div class=\"elementor-column elementor-col-100 elementor-top-column elementor-element elementor-element-fb06c45\" data-id=\"fb06c45\" data-element_type=\"column\">\n\t\t\t<div class=\"elementor-widget-wrap elementor-element-populated\">\n\t\t\t\t\t\t<div class=\"elementor-element elementor-element-d64dc32 elementor-widget elementor-widget-heading\" data-id=\"d64dc32\" data-element_type=\"widget\" data-widget_type=\"heading.default\">\n\t\t\t\t<div class=\"elementor-widget-container\">\n\t\t\t\t\t<h2 class=\"elementor-heading-title elementor-size-default\">Certyfikaty<\/h2>\t\t\t\t<\/div>\n\t\t\t\t<\/div>\n\t\t\t\t<div class=\"elementor-element elementor-element-5cff177 elementor-widget elementor-widget-text-editor\" data-id=\"5cff177\" data-element_type=\"widget\" data-widget_type=\"text-editor.default\">\n\t\t\t\t<div class=\"elementor-widget-container\">\n\t\t\t\t\t\t\t\t\t<p><strong>Nasze certyfikaty<\/strong> \u2013 potwierdzenie jako\u015bci i zaufania<br \/>Jako firma specjalizuj\u0105ca si\u0119 w produkcji wysokiej jako\u015bci schod\u00f3w i balustrad, z dum\u0105 prezentujemy zdobyte przez nas certyfikaty, kt\u00f3re stanowi\u0105 potwierdzenie naszego profesjonalizmu, rzetelno\u015bci oraz zadowolenia klient\u00f3w.<\/p>\t\t\t\t\t\t\t\t<\/div>\n\t\t\t\t<\/div>\n\t\t\t\t\t<\/div>\n\t\t<\/div>\n\t\t\t\t\t<\/div>\n\t\t<\/section>\n\t\t\t\t<section class=\"elementor-section elementor-top-section elementor-element elementor-element-d686236 elementor-section-boxed elementor-section-height-default elementor-section-height-default wpr-particle-no wpr-jarallax-no wpr-parallax-no wpr-sticky-section-no\" data-id=\"d686236\" data-element_type=\"section\">\n\t\t\t\t\t\t<div class=\"elementor-container elementor-column-gap-default\">\n\t\t\t\t\t<div class=\"elementor-column elementor-col-50 elementor-top-column elementor-element elementor-element-12fe992\" data-id=\"12fe992\" data-element_type=\"column\">\n\t\t\t<div class=\"elementor-widget-wrap elementor-element-populated\">\n\t\t\t\t\t\t<div class=\"elementor-element elementor-element-94dc595 elementor-widget elementor-widget-image\" data-id=\"94dc595\" data-element_type=\"widget\" data-widget_type=\"image.default\">\n\t\t\t\t<div class=\"elementor-widget-container\">\n\t\t\t\t\t\t\t\t\t\t\t\t\t\t\t<img fetchpriority=\"high\" decoding=\"async\" width=\"800\" height=\"1000\" src=\"https:\/\/metal-komplex.pl\/wp-content\/uploads\/2025\/06\/491970435_1094777732457097_4263008213331444435_n-1-819x1024.jpg\" class=\"attachment-large size-large wp-image-894\" alt=\"\" srcset=\"https:\/\/metal-komplex.pl\/wp-content\/uploads\/2025\/06\/491970435_1094777732457097_4263008213331444435_n-1-819x1024.jpg 819w, https:\/\/metal-komplex.pl\/wp-content\/uploads\/2025\/06\/491970435_1094777732457097_4263008213331444435_n-1-240x300.jpg 240w, https:\/\/metal-komplex.pl\/wp-content\/uploads\/2025\/06\/491970435_1094777732457097_4263008213331444435_n-1-768x960.jpg 768w, https:\/\/metal-komplex.pl\/wp-content\/uploads\/2025\/06\/491970435_1094777732457097_4263008213331444435_n-1.jpg 1080w\" sizes=\"(max-width: 800px) 100vw, 800px\" \/>\t\t\t\t\t\t\t\t\t\t\t\t\t\t\t<\/div>\n\t\t\t\t<\/div>\n\t\t\t\t\t<\/div>\n\t\t<\/div>\n\t\t\t\t<div class=\"elementor-column elementor-col-50 elementor-top-column elementor-element elementor-element-12e8dc4\" data-id=\"12e8dc4\" data-element_type=\"column\">\n\t\t\t<div class=\"elementor-widget-wrap elementor-element-populated\">\n\t\t\t\t\t\t<div class=\"elementor-element elementor-element-3769ac9 elementor-widget elementor-widget-text-editor\" data-id=\"3769ac9\" data-element_type=\"widget\" data-widget_type=\"text-editor.default\">\n\t\t\t\t<div class=\"elementor-widget-container\">\n\t\t\t\t\t\t\t\t\t<p>\ud83c\udfc5 Certyfikat \u201e<b>Polecany w bran\u017cy<\/b>\u201d \u2013 przyznany przez FPKK Marketing Group to wyr\u00f3\u017cnienie dla firm ciesz\u0105cych si\u0119 uznaniem klient\u00f3w i wysok\u0105 jako\u015bci\u0105 \u015bwiadczonych us\u0142ug. Otrzymanie tego certyfikatu to dow\u00f3d naszego zaanga\u017cowania, dba\u0142o\u015bci o detale oraz utrzymywania najwy\u017cszych standard\u00f3w obs\u0142ugi.<\/p>\t\t\t\t\t\t\t\t<\/div>\n\t\t\t\t<\/div>\n\t\t\t\t\t<\/div>\n\t\t<\/div>\n\t\t\t\t\t<\/div>\n\t\t<\/section>\n\t\t\t\t<section class=\"elementor-section elementor-top-section elementor-element elementor-element-aa5e3a4 elementor-section-boxed elementor-section-height-default elementor-section-height-default wpr-particle-no wpr-jarallax-no wpr-parallax-no wpr-sticky-section-no\" data-id=\"aa5e3a4\" data-element_type=\"section\">\n\t\t\t\t\t\t<div class=\"elementor-container elementor-column-gap-default\">\n\t\t\t\t\t<div class=\"elementor-column elementor-col-50 elementor-top-column elementor-element elementor-element-360d5f7\" data-id=\"360d5f7\" data-element_type=\"column\">\n\t\t\t<div class=\"elementor-widget-wrap elementor-element-populated\">\n\t\t\t\t\t\t<div class=\"elementor-element elementor-element-5605344 elementor-widget elementor-widget-text-editor\" data-id=\"5605344\" data-element_type=\"widget\" data-widget_type=\"text-editor.default\">\n\t\t\t\t<div class=\"elementor-widget-container\">\n\t\t\t\t\t\t\t\t\t<p><span class=\"html-span xexx8yu xyri2b x18d9i69 x1c1uobl x1hl2dhg x16tdsg8 x1vvkbs x3nfvp2 x1j61x8r x1fcty0u xdj266r xat24cr xm2jcoa x1mpyi22 xxymvpz xlup9mm x1kky2od\"><img decoding=\"async\" class=\"xz74otr x15mokao x1ga7v0g x16uus16 xbiv7yw\" src=\"https:\/\/static.xx.fbcdn.net\/images\/emoji.php\/v9\/t89\/3\/16\/1f4dc.png\" alt=\"\ud83d\udcdc\" width=\"16\" height=\"16\" \/><\/span> <strong>Certyfikat IBK \u2013 Przedsi\u0119biorstwo Godne Zaufania<\/strong> \u2013 wyr\u00f3\u017cnienie przyznane w ramach programu Instytutu Bada\u0144 Konsumenckich. Podkre\u015bla ono pozytywne opinie naszych klient\u00f3w, jako\u015b\u0107 oferowanych produkt\u00f3w oraz nasz\u0105 transparentno\u015b\u0107 i etyk\u0119 dzia\u0142ania.<\/p>\t\t\t\t\t\t\t\t<\/div>\n\t\t\t\t<\/div>\n\t\t\t\t\t<\/div>\n\t\t<\/div>\n\t\t\t\t<div class=\"elementor-column elementor-col-50 elementor-top-column elementor-element elementor-element-cd8c674\" data-id=\"cd8c674\" data-element_type=\"column\">\n\t\t\t<div class=\"elementor-widget-wrap elementor-element-populated\">\n\t\t\t\t\t\t<div class=\"elementor-element elementor-element-a76c798 elementor-widget elementor-widget-image\" data-id=\"a76c798\" data-element_type=\"widget\" data-widget_type=\"image.default\">\n\t\t\t\t<div class=\"elementor-widget-container\">\n\t\t\t\t\t\t\t\t\t\t\t\t\t\t\t<img decoding=\"async\" width=\"562\" height=\"800\" src=\"https:\/\/metal-komplex.pl\/wp-content\/uploads\/2025\/06\/certyfikat_ibk20199-1.jpg\" class=\"attachment-large size-large wp-image-895\" alt=\"\" srcset=\"https:\/\/metal-komplex.pl\/wp-content\/uploads\/2025\/06\/certyfikat_ibk20199-1.jpg 562w, https:\/\/metal-komplex.pl\/wp-content\/uploads\/2025\/06\/certyfikat_ibk20199-1-211x300.jpg 211w\" sizes=\"(max-width: 562px) 100vw, 562px\" \/>\t\t\t\t\t\t\t\t\t\t\t\t\t\t\t<\/div>\n\t\t\t\t<\/div>\n\t\t\t\t\t<\/div>\n\t\t<\/div>\n\t\t\t\t\t<\/div>\n\t\t<\/section>\n\t\t\t\t<section class=\"elementor-section elementor-top-section elementor-element elementor-element-0bb8e93 elementor-section-boxed elementor-section-height-default elementor-section-height-default wpr-particle-no wpr-jarallax-no wpr-parallax-no wpr-sticky-section-no\" data-id=\"0bb8e93\" data-element_type=\"section\">\n\t\t\t\t\t\t<div class=\"elementor-container elementor-column-gap-default\">\n\t\t\t\t\t<div class=\"elementor-column elementor-col-50 elementor-top-column elementor-element elementor-element-6a5e78d\" data-id=\"6a5e78d\" data-element_type=\"column\">\n\t\t\t<div class=\"elementor-widget-wrap elementor-element-populated\">\n\t\t\t\t\t\t<div class=\"elementor-element elementor-element-0f3b6b2 elementor-widget elementor-widget-image\" data-id=\"0f3b6b2\" data-element_type=\"widget\" data-widget_type=\"image.default\">\n\t\t\t\t<div class=\"elementor-widget-container\">\n\t\t\t\t\t\t\t\t\t\t\t\t\t\t\t<img loading=\"lazy\" decoding=\"async\" width=\"800\" height=\"1000\" src=\"https:\/\/metal-komplex.pl\/wp-content\/uploads\/2025\/06\/491360993_1094777729123764_2901746758357872828_n-1-819x1024.jpg\" class=\"attachment-large size-large wp-image-893\" alt=\"\" srcset=\"https:\/\/metal-komplex.pl\/wp-content\/uploads\/2025\/06\/491360993_1094777729123764_2901746758357872828_n-1-819x1024.jpg 819w, https:\/\/metal-komplex.pl\/wp-content\/uploads\/2025\/06\/491360993_1094777729123764_2901746758357872828_n-1-240x300.jpg 240w, https:\/\/metal-komplex.pl\/wp-content\/uploads\/2025\/06\/491360993_1094777729123764_2901746758357872828_n-1-768x960.jpg 768w, https:\/\/metal-komplex.pl\/wp-content\/uploads\/2025\/06\/491360993_1094777729123764_2901746758357872828_n-1.jpg 1080w\" sizes=\"(max-width: 800px) 100vw, 800px\" \/>\t\t\t\t\t\t\t\t\t\t\t\t\t\t\t<\/div>\n\t\t\t\t<\/div>\n\t\t\t\t\t<\/div>\n\t\t<\/div>\n\t\t\t\t<div class=\"elementor-column elementor-col-50 elementor-top-column elementor-element elementor-element-20b4bba\" data-id=\"20b4bba\" data-element_type=\"column\">\n\t\t\t<div class=\"elementor-widget-wrap elementor-element-populated\">\n\t\t\t\t\t\t<div class=\"elementor-element elementor-element-fe0fd68 elementor-widget elementor-widget-text-editor\" data-id=\"fe0fd68\" data-element_type=\"widget\" data-widget_type=\"text-editor.default\">\n\t\t\t\t<div class=\"elementor-widget-container\">\n\t\t\t\t\t\t\t\t\t<p>\ud83c\udfc6<strong> Certyfikat Przedsi\u0119biorcy Polecanego w Bran\u017cy 2025<\/strong> \u2013 to aktualne wyr\u00f3\u017cnienie dla naszej firmy P.P.H.U. Metal-Komplex za zdobycie zaufania klient\u00f3w oraz siln\u0105 pozycj\u0119 w bran\u017cy. Jest to kolejny dow\u00f3d na to, \u017ce wybieraj\u0105c nasze schody i balustrady, inwestuj\u0105 Pa\u0144stwo w trwa\u0142o\u015b\u0107, estetyk\u0119 i niezawodno\u015b\u0107.<\/p>\t\t\t\t\t\t\t\t<\/div>\n\t\t\t\t<\/div>\n\t\t\t\t\t<\/div>\n\t\t<\/div>\n\t\t\t\t\t<\/div>\n\t\t<\/section>\n\t\t\t\t<section class=\"elementor-section elementor-top-section elementor-element elementor-element-d6dfaac elementor-section-boxed elementor-section-height-default elementor-section-height-default wpr-particle-no wpr-jarallax-no wpr-parallax-no wpr-sticky-section-no\" data-id=\"d6dfaac\" data-element_type=\"section\">\n\t\t\t\t\t\t<div class=\"elementor-container elementor-column-gap-default\">\n\t\t\t\t\t<div class=\"elementor-column elementor-col-100 elementor-top-column elementor-element elementor-element-d4c1967\" data-id=\"d4c1967\" data-element_type=\"column\">\n\t\t\t<div class=\"elementor-widget-wrap elementor-element-populated\">\n\t\t\t\t\t\t<div class=\"elementor-element elementor-element-165873f elementor-widget elementor-widget-text-editor\" data-id=\"165873f\" data-element_type=\"widget\" data-widget_type=\"text-editor.default\">\n\t\t\t\t<div class=\"elementor-widget-container\">\n\t\t\t\t\t\t\t\t\t<p><strong>Dzi\u0119kujemy za okazane zaufanie \u2013 to dzi\u0119ki Wam stale si\u0119 rozwijamy i podnosimy standardy naszych us\u0142ug.\u00a0<\/strong><\/p>\t\t\t\t\t\t\t\t<\/div>\n\t\t\t\t<\/div>\n\t\t\t\t\t<\/div>\n\t\t<\/div>\n\t\t\t\t\t<\/div>\n\t\t<\/section>\n\t\t\t\t<\/div>\n\t\t","protected":false},"excerpt":{"rendered":"<p>Certyfikaty Nasze certyfikaty \u2013 potwierdzenie jako\u015bci i zaufaniaJako firma specjalizuj\u0105ca si\u0119 w produkcji wysokiej jako\u015bci schod\u00f3w i balustrad, z dum\u0105 prezentujemy zdobyte przez nas certyfikaty, kt\u00f3re stanowi\u0105 potwierdzenie naszego profesjonalizmu, rzetelno\u015bci oraz zadowolenia klient\u00f3w. \ud83c\udfc5 Certyfikat \u201ePolecany w bran\u017cy\u201d \u2013 przyznany przez FPKK Marketing Group to wyr\u00f3\u017cnienie dla firm ciesz\u0105cych si\u0119 uznaniem klient\u00f3w i wysok\u0105 jako\u015bci\u0105 \u015bwiadczonych us\u0142ug. Otrzymanie tego certyfikatu to dow\u00f3d naszego zaanga\u017cowania, dba\u0142o\u015bci o detale oraz utrzymywania najwy\u017cszych standard\u00f3w obs\u0142ugi. Certyfikat IBK \u2013 Przedsi\u0119biorstwo Godne Zaufania \u2013 wyr\u00f3\u017cnienie przyznane w ramach programu Instytutu Bada\u0144 Konsumenckich. Podkre\u015bla ono pozytywne opinie naszych klient\u00f3w, jako\u015b\u0107 oferowanych produkt\u00f3w oraz nasz\u0105 transparentno\u015b\u0107 i etyk\u0119 dzia\u0142ania. \ud83c\udfc6 Certyfikat Przedsi\u0119biorcy Polecanego w Bran\u017cy 2025 \u2013 to aktualne wyr\u00f3\u017cnienie dla naszej firmy P.P.H.U. Metal-Komplex za zdobycie zaufania klient\u00f3w oraz siln\u0105 pozycj\u0119 w bran\u017cy. Jest to kolejny dow\u00f3d na to, \u017ce wybieraj\u0105c nasze schody i balustrady, inwestuj\u0105 Pa\u0144stwo w trwa\u0142o\u015b\u0107, estetyk\u0119 i niezawodno\u015b\u0107. Dzi\u0119kujemy za okazane zaufanie \u2013 to dzi\u0119ki Wam stale si\u0119 rozwijamy i podnosimy standardy naszych us\u0142ug.\u00a0<\/p>\n","protected":false},"author":1,"featured_media":0,"parent":0,"menu_order":0,"comment_status":"closed","ping_status":"closed","template":"elementor_header_footer","meta":{"_eb_attr":"","footnotes":""},"class_list":["post-890","page","type-page","status-publish","hentry"],"_links":{"self":[{"href":"https:\/\/metal-komplex.pl\/index.php?rest_route=\/wp\/v2\/pages\/890","targetHints":{"allow":["GET"]}}],"collection":[{"href":"https:\/\/metal-komplex.pl\/index.php?rest_route=\/wp\/v2\/pages"}],"about":[{"href":"https:\/\/metal-komplex.pl\/index.php?rest_route=\/wp\/v2\/types\/page"}],"author":[{"embeddable":true,"href":"https:\/\/metal-komplex.pl\/index.php?rest_route=\/wp\/v2\/users\/1"}],"replies":[{"embeddable":true,"href":"https:\/\/metal-komplex.pl\/index.php?rest_route=%2Fwp%2Fv2%2Fcomments&post=890"}],"version-history":[{"count":7,"href":"https:\/\/metal-komplex.pl\/index.php?rest_route=\/wp\/v2\/pages\/890\/revisions"}],"predecessor-version":[{"id":1013,"href":"https:\/\/metal-komplex.pl\/index.php?rest_route=\/wp\/v2\/pages\/890\/revisions\/1013"}],"wp:attachment":[{"href":"https:\/\/metal-komplex.pl\/index.php?rest_route=%2Fwp%2Fv2%2Fmedia&parent=890"}],"curies":[{"name":"wp","href":"https:\/\/api.w.org\/{rel}","templated":true}]}}