{"id":56,"date":"2022-10-21T09:19:16","date_gmt":"2022-10-21T09:19:16","guid":{"rendered":"https:\/\/metal-komplex.pl\/?page_id=56"},"modified":"2025-06-25T21:44:27","modified_gmt":"2025-06-25T21:44:27","slug":"balustrady","status":"publish","type":"page","link":"https:\/\/metal-komplex.pl\/?page_id=56","title":{"rendered":"Balustrady"},"content":{"rendered":"\t\t<div data-elementor-type=\"wp-page\" data-elementor-id=\"56\" class=\"elementor elementor-56\">\n\t\t\t\t\t\t<section class=\"elementor-section elementor-top-section elementor-element elementor-element-d4ac2db elementor-section-boxed elementor-section-height-default elementor-section-height-default wpr-particle-no wpr-jarallax-no wpr-parallax-no wpr-sticky-section-no\" data-id=\"d4ac2db\" data-element_type=\"section\">\n\t\t\t\t\t\t<div class=\"elementor-container elementor-column-gap-default\">\n\t\t\t\t\t<div class=\"elementor-column elementor-col-100 elementor-top-column elementor-element elementor-element-0cede57\" data-id=\"0cede57\" data-element_type=\"column\">\n\t\t\t<div class=\"elementor-widget-wrap elementor-element-populated\">\n\t\t\t\t\t\t<div class=\"elementor-element elementor-element-c4d894d elementor-widget elementor-widget-text-editor\" data-id=\"c4d894d\" data-element_type=\"widget\" data-widget_type=\"text-editor.default\">\n\t\t\t\t<div class=\"elementor-widget-container\">\n\t\t\t\t\t\t\t\t\t<p class=\"description\"><strong>Balustrady<\/strong>\u00a0to nie tylko element zabezpieczaj\u0105cy \u2013 to tak\u017ce wa\u017cny akcent estetyczny ka\u017cdej\u00a0<strong>przestrzeni<\/strong>. W Metalkomplex tworzymy balustrady \u00a0idealnie dopasowane do stylu\u00a0<strong>wn\u0119trza<\/strong>\u00a0i\u00a0<strong>potrzeb klienta<\/strong>. Precyzyjne wykonanie, trwa\u0142e materia\u0142y i dba\u0142o\u015b\u0107 o detale sprawiaj\u0105, \u017ce nasze realizacje \u0142\u0105cz\u0105 funkcjonalno\u015b\u0107 z nowoczesnym designem. Z nami ka\u017cdy detal ma znaczenie.<\/p><p class=\"description\">\u00a0<\/p>\t\t\t\t\t\t\t\t<\/div>\n\t\t\t\t<\/div>\n\t\t\t\t\t<\/div>\n\t\t<\/div>\n\t\t\t\t\t<\/div>\n\t\t<\/section>\n\t\t\t\t<section class=\"elementor-section elementor-top-section elementor-element elementor-element-ced2f16 elementor-section-boxed elementor-section-height-default elementor-section-height-default wpr-particle-no wpr-jarallax-no wpr-parallax-no wpr-sticky-section-no\" data-id=\"ced2f16\" data-element_type=\"section\">\n\t\t\t\t\t\t<div class=\"elementor-container elementor-column-gap-default\">\n\t\t\t\t\t<div class=\"elementor-column elementor-col-50 elementor-top-column elementor-element elementor-element-949c6a5\" data-id=\"949c6a5\" data-element_type=\"column\">\n\t\t\t<div class=\"elementor-widget-wrap elementor-element-populated\">\n\t\t\t\t\t\t<div class=\"elementor-element elementor-element-f6eabfe wpr-promo-box-style-cover elementor-widget elementor-widget-wpr-promo-box\" data-id=\"f6eabfe\" data-element_type=\"widget\" data-widget_type=\"wpr-promo-box.default\">\n\t\t\t\t<div class=\"elementor-widget-container\">\n\t\t\t\t\t\n\t\t<div class=\"wpr-promo-box wpr-animation-wrap\">\n\n\t\t\t\t\t\t<a class=\"wpr-promo-box-link\" href=\"https:\/\/metal-komplex.pl\/?page_id=58https:\/\/metal-komplex.pl\/?page_id=58https:\/\/metal-komplex.pl\/?page_id=58\"><\/a>\t\n\t\t\t\t\t\t\t\n\t\t\t\t\t\t\t<div class=\"wpr-promo-box-image\">\n\t\t\t\t\t<div class=\"wpr-promo-box-bg-image wpr-bg-anim-zoom-in wpr-anim-timing-ease-default\" style=\"background-image:url(https:\/\/metal-komplex.pl\/wp-content\/uploads\/2025\/06\/IMG_5777-2-scaled.jpg);\"><\/div>\n\t\t\t\t\t<div class=\"wpr-promo-box-bg-overlay wpr-border-anim-oscar\"><\/div>\n\t\t\t\t<\/div>\n\t\t\t\t\t\t\n\t\t\t<div class=\"wpr-promo-box-content\">\n\n\t\t\t\t\t\t\t\t<div class=\"wpr-promo-box-icon\">\n\t\t\t\t\t\t\t\t\t<\/div>\n\t\t\t\t\n\t\t\t\t<h3 class=\"wpr-promo-box-title\"><span>Balustrady malowane proszkowo<\/span><\/h3>\n\t\t\t\t\n\t\t\t\t\t\t\t<\/div>\n\n\t\t\t\t\t<\/div>\n\n\t\t\t\t\t\t<\/div>\n\t\t\t\t<\/div>\n\t\t\t\t\t<\/div>\n\t\t<\/div>\n\t\t\t\t<div class=\"elementor-column elementor-col-50 elementor-top-column elementor-element elementor-element-cc92457\" data-id=\"cc92457\" data-element_type=\"column\">\n\t\t\t<div class=\"elementor-widget-wrap elementor-element-populated\">\n\t\t\t\t\t\t<div class=\"elementor-element elementor-element-8f6b253 wpr-promo-box-style-cover elementor-widget elementor-widget-wpr-promo-box\" data-id=\"8f6b253\" data-element_type=\"widget\" data-widget_type=\"wpr-promo-box.default\">\n\t\t\t\t<div class=\"elementor-widget-container\">\n\t\t\t\t\t\n\t\t<div class=\"wpr-promo-box wpr-animation-wrap\">\n\n\t\t\t\t\t\t<a class=\"wpr-promo-box-link\" href=\"https:\/\/metal-komplex.pl\/?page_id=60\"><\/a>\t\n\t\t\t\t\t\t\t\n\t\t\t\t\t\t\t<div class=\"wpr-promo-box-image\">\n\t\t\t\t\t<div class=\"wpr-promo-box-bg-image wpr-bg-anim-zoom-in wpr-anim-timing-ease-default\" style=\"background-image:url(https:\/\/metal-komplex.pl\/wp-content\/uploads\/2025\/06\/nierdzewka.webp);\"><\/div>\n\t\t\t\t\t<div class=\"wpr-promo-box-bg-overlay wpr-border-anim-oscar\"><\/div>\n\t\t\t\t<\/div>\n\t\t\t\t\t\t\n\t\t\t<div class=\"wpr-promo-box-content\">\n\n\t\t\t\t\t\t\t\t<div class=\"wpr-promo-box-icon\">\n\t\t\t\t\t\t\t\t\t<\/div>\n\t\t\t\t\n\t\t\t\t<h3 class=\"wpr-promo-box-title\"><span>Balustrady nierdzewne<\/span><\/h3>\n\t\t\t\t\n\t\t\t\t\t\t\t<\/div>\n\n\t\t\t\t\t<\/div>\n\n\t\t\t\t\t\t<\/div>\n\t\t\t\t<\/div>\n\t\t\t\t\t<\/div>\n\t\t<\/div>\n\t\t\t\t\t<\/div>\n\t\t<\/section>\n\t\t\t\t<section class=\"elementor-section elementor-top-section elementor-element elementor-element-58735c1 elementor-section-boxed elementor-section-height-default elementor-section-height-default wpr-particle-no wpr-jarallax-no wpr-parallax-no wpr-sticky-section-no\" data-id=\"58735c1\" data-element_type=\"section\">\n\t\t\t\t\t\t<div class=\"elementor-container elementor-column-gap-default\">\n\t\t\t\t\t<div class=\"elementor-column elementor-col-100 elementor-top-column elementor-element elementor-element-e4920d5\" data-id=\"e4920d5\" data-element_type=\"column\">\n\t\t\t<div class=\"elementor-widget-wrap elementor-element-populated\">\n\t\t\t\t\t\t<div class=\"elementor-element elementor-element-47aaa05 elementor-widget elementor-widget-text-editor\" data-id=\"47aaa05\" data-element_type=\"widget\" data-widget_type=\"text-editor.default\">\n\t\t\t\t<div class=\"elementor-widget-container\">\n\t\t\t\t\t\t\t\t\t<p class=\"description\"><b>Wewn\u0119trzne\u00a0<\/b>oraz\u00a0<b>zewn\u0119trzne\u00a0<\/b>do\u00a0<b>schod\u00f3w<\/b>,\u00a0<b>taras\u00f3w<\/b>,\u00a0<b>okien<\/b>,\u00a0<b>balkon\u00f3w<\/b>. Specjalizujemy si\u0119 w produkcji najwy\u017cszej jako\u015bci por\u0119czy i balustrad ze stali nierdzewnej oraz tak\u017ce tych malowanych proszkowo. Nasze realizacje odznaczaj\u0105 si\u0119 bardzo wysok\u0105 jako\u015bci\u0105 oraz estetyk\u0105 wykonania dzi\u0119ki, profesjonalnemu parku maszyn oraz licencjowanemu oprgoramowaniu <strong>POWERSTAIRS.<\/strong> Oferujemy szeroki wyb\u00f3r wzor\u00f3w i po\u0142\u0105cze\u0144 o znakomitym wygl\u0105dzie i u\u017cytkowo\u015bci. Ka\u017cdy projekt balustrad jest realizowany zgodnie z wytycznymi klienta, oraz projektem. Wykonujemy balustrady, zabezpieczone przed korozj\u0105, dzi\u0119ki temu oferowany produkt spe\u0142nia swoje za\u0142o\u017cenia praktyczne oraz estetyczne przez wiele lat<\/p><p class=\"description\">\u00a0<\/p>\t\t\t\t\t\t\t\t<\/div>\n\t\t\t\t<\/div>\n\t\t\t\t\t<\/div>\n\t\t<\/div>\n\t\t\t\t\t<\/div>\n\t\t<\/section>\n\t\t\t\t<\/div>\n\t\t","protected":false},"excerpt":{"rendered":"<p>Balustrady\u00a0to nie tylko element zabezpieczaj\u0105cy \u2013 to tak\u017ce wa\u017cny akcent estetyczny ka\u017cdej\u00a0przestrzeni. W Metalkomplex tworzymy balustrady \u00a0idealnie dopasowane do stylu\u00a0wn\u0119trza\u00a0i\u00a0potrzeb klienta. Precyzyjne wykonanie, trwa\u0142e materia\u0142y i dba\u0142o\u015b\u0107 o detale sprawiaj\u0105, \u017ce nasze realizacje \u0142\u0105cz\u0105 funkcjonalno\u015b\u0107 z nowoczesnym designem. Z nami ka\u017cdy detal ma znaczenie. \u00a0 Balustrady malowane proszkowo Balustrady nierdzewne Wewn\u0119trzne\u00a0oraz\u00a0zewn\u0119trzne\u00a0do\u00a0schod\u00f3w,\u00a0taras\u00f3w,\u00a0okien,\u00a0balkon\u00f3w. Specjalizujemy si\u0119 w produkcji najwy\u017cszej jako\u015bci por\u0119czy i balustrad ze stali nierdzewnej oraz tak\u017ce tych malowanych proszkowo. Nasze realizacje odznaczaj\u0105 si\u0119 bardzo wysok\u0105 jako\u015bci\u0105 oraz estetyk\u0105 wykonania dzi\u0119ki, profesjonalnemu parku maszyn oraz licencjowanemu oprgoramowaniu POWERSTAIRS. Oferujemy szeroki wyb\u00f3r wzor\u00f3w i po\u0142\u0105cze\u0144 o znakomitym wygl\u0105dzie i u\u017cytkowo\u015bci. Ka\u017cdy projekt balustrad jest realizowany zgodnie z wytycznymi klienta, oraz projektem. Wykonujemy balustrady, zabezpieczone przed korozj\u0105, dzi\u0119ki temu oferowany produkt spe\u0142nia swoje za\u0142o\u017cenia praktyczne oraz estetyczne przez wiele lat \u00a0<\/p>\n","protected":false},"author":1,"featured_media":0,"parent":0,"menu_order":0,"comment_status":"closed","ping_status":"closed","template":"elementor_header_footer","meta":{"_eb_attr":"","footnotes":""},"class_list":["post-56","page","type-page","status-publish","hentry"],"_links":{"self":[{"href":"https:\/\/metal-komplex.pl\/index.php?rest_route=\/wp\/v2\/pages\/56","targetHints":{"allow":["GET"]}}],"collection":[{"href":"https:\/\/metal-komplex.pl\/index.php?rest_route=\/wp\/v2\/pages"}],"about":[{"href":"https:\/\/metal-komplex.pl\/index.php?rest_route=\/wp\/v2\/types\/page"}],"author":[{"embeddable":true,"href":"https:\/\/metal-komplex.pl\/index.php?rest_route=\/wp\/v2\/users\/1"}],"replies":[{"embeddable":true,"href":"https:\/\/metal-komplex.pl\/index.php?rest_route=%2Fwp%2Fv2%2Fcomments&post=56"}],"version-history":[{"count":25,"href":"https:\/\/metal-komplex.pl\/index.php?rest_route=\/wp\/v2\/pages\/56\/revisions"}],"predecessor-version":[{"id":1154,"href":"https:\/\/metal-komplex.pl\/index.php?rest_route=\/wp\/v2\/pages\/56\/revisions\/1154"}],"wp:attachment":[{"href":"https:\/\/metal-komplex.pl\/index.php?rest_route=%2Fwp%2Fv2%2Fmedia&parent=56"}],"curies":[{"name":"wp","href":"https:\/\/api.w.org\/{rel}","templated":true}]}}