{"id":505,"date":"2025-05-18T10:46:04","date_gmt":"2025-05-18T10:46:04","guid":{"rendered":"https:\/\/metal-komplex.pl\/?page_id=505"},"modified":"2025-06-09T20:15:23","modified_gmt":"2025-06-09T20:15:23","slug":"bezplatna-wycena","status":"publish","type":"page","link":"https:\/\/metal-komplex.pl\/?page_id=505","title":{"rendered":"Bezp\u0142atna wycena"},"content":{"rendered":"\t\t<div data-elementor-type=\"wp-page\" data-elementor-id=\"505\" class=\"elementor elementor-505\">\n\t\t\t\t\t\t<section class=\"elementor-section elementor-top-section elementor-element elementor-element-17528af elementor-section-boxed elementor-section-height-default elementor-section-height-default wpr-particle-no wpr-jarallax-no wpr-parallax-no wpr-sticky-section-no\" data-id=\"17528af\" data-element_type=\"section\">\n\t\t\t\t\t\t<div class=\"elementor-container elementor-column-gap-default\">\n\t\t\t\t\t<div class=\"elementor-column elementor-col-100 elementor-top-column elementor-element elementor-element-523b7b8\" data-id=\"523b7b8\" data-element_type=\"column\">\n\t\t\t<div class=\"elementor-widget-wrap elementor-element-populated\">\n\t\t\t\t\t\t<div class=\"elementor-element elementor-element-e708388 elementor-widget elementor-widget-heading\" data-id=\"e708388\" data-element_type=\"widget\" data-widget_type=\"heading.default\">\n\t\t\t\t<div class=\"elementor-widget-container\">\n\t\t\t\t\t<h2 class=\"elementor-heading-title elementor-size-default\">Kalkulator produkcji schod\u00f3w i balustrad<\/h2>\t\t\t\t<\/div>\n\t\t\t\t<\/div>\n\t\t\t\t<div class=\"elementor-element elementor-element-8883260 elementor-widget-divider--view-line_icon elementor-view-default elementor-widget-divider--element-align-center elementor-widget elementor-widget-divider\" data-id=\"8883260\" data-element_type=\"widget\" data-widget_type=\"divider.default\">\n\t\t\t\t<div class=\"elementor-widget-container\">\n\t\t\t\t\t\t\t<div class=\"elementor-divider\">\n\t\t\t<span class=\"elementor-divider-separator\">\n\t\t\t\t\t\t\t<div class=\"elementor-icon elementor-divider__element\">\n\t\t\t\t\t<i aria-hidden=\"true\" class=\"fas fa-angle-double-down\"><\/i><\/div>\n\t\t\t\t\t\t<\/span>\n\t\t<\/div>\n\t\t\t\t\t\t<\/div>\n\t\t\t\t<\/div>\n\t\t\t\t<div class=\"elementor-element elementor-element-d1f912b elementor-widget elementor-widget-wpforms\" data-id=\"d1f912b\" data-element_type=\"widget\" data-widget_type=\"wpforms.default\">\n\t\t\t\t<div class=\"elementor-widget-container\">\n\t\t\t\t\t<style id=\"wpforms-css-vars-elementor-widget-d1f912b\">\n\t\t\t\t.elementor-widget-wpforms.elementor-element-d1f912b {\n\t\t\t\t--wpforms-field-border-radius: 4px;\n--wpforms-field-size-input-height: 50px;\n--wpforms-field-size-input-spacing: 20px;\n--wpforms-field-size-font-size: 18px;\n--wpforms-field-size-line-height: 21px;\n--wpforms-field-size-padding-h: 14px;\n--wpforms-field-size-checkbox-size: 18px;\n--wpforms-field-size-sublabel-spacing: 10px;\n--wpforms-field-size-icon-size: 1.25;\n--wpforms-label-size-font-size: 18px;\n--wpforms-label-size-line-height: 21px;\n--wpforms-label-size-sublabel-font-size: 16px;\n--wpforms-label-size-sublabel-line-height: 19px;\n\n\t\t\t}\n\t\t\t<\/style><div class=\"wpforms-container wpforms-container-full wpforms-render-modern\" id=\"wpforms-508\"><form id=\"wpforms-form-508\" class=\"wpforms-validate wpforms-form wpforms-ajax-form\" data-formid=\"508\" method=\"post\" enctype=\"multipart\/form-data\" action=\"\/index.php?rest_route=%2Fwp%2Fv2%2Fpages%2F505\" data-token=\"82ca48ac75381e7787b9be13fedadf38\" data-token-time=\"1778160699\"><noscript class=\"wpforms-error-noscript\">Aby wype\u0142ni\u0107 ten formularz, w\u0142\u0105cz obs\u0142ug\u0119 JavaScript w przegl\u0105darce.<\/noscript><div id=\"wpforms-error-noscript\" style=\"display: none;\">Aby wype\u0142ni\u0107 ten formularz, w\u0142\u0105cz obs\u0142ug\u0119 JavaScript w przegl\u0105darce.<\/div><div class=\"wpforms-field-container\">\t\t<div id=\"wpforms-508-field_2-container\"\n\t\t\tclass=\"wpforms-field wpforms-field-text\"\n\t\t\tdata-field-type=\"text\"\n\t\t\tdata-field-id=\"2\"\n\t\t\t>\n\t\t\t<label class=\"wpforms-field-label\" for=\"wpforms-508-field_2\" >schod\u00f3w klatki Numer<\/label>\n\t\t\t<input type=\"text\" id=\"wpforms-508-field_2\" class=\"wpforms-field-medium\" name=\"wpforms[fields][2]\" >\n\t\t<\/div>\n\t\t<div id=\"wpforms-508-field_7-container\" class=\"wpforms-field wpforms-field-checkbox wpforms-list-3-columns\" data-field-id=\"7\"><fieldset><legend class=\"wpforms-field-label\">Zaznacz rodzaj schod\u00f3w, kt\u00f3rych cen\u0119 chcia\u0142by\u015b pozna\u0107<\/legend><ul id=\"wpforms-508-field_7\" class=\"wpforms-image-choices wpforms-image-choices-classic\" data-choice-limit=\"1\"><li class=\"choice-14 depth-1 wpforms-image-choices-item\"><label class=\"wpforms-field-label-inline\" for=\"wpforms-508-field_7_14\" tabindex=\"0\"><span class=\"wpforms-image-choices-image\"><img decoding=\"async\" src=\"https:\/\/metal-komplex.pl\/wp-content\/uploads\/2025\/06\/IMG_5591-scaled.jpg\" alt=\"Na centralnej belce\" title=\"Na centralnej belce\"><\/span><input type=\"checkbox\" id=\"wpforms-508-field_7_14\" class=\"wpforms-screen-reader-element\" data-rule-check-limit=\"true\" name=\"wpforms[fields][7][]\" value=\"Na centralnej belce\" aria-errormessage=\"wpforms-508-field_7_14-error\" tabindex=\"-1\"  ><span class=\"wpforms-image-choices-label\">Na centralnej belce<\/span><\/label><\/li><li class=\"choice-8 depth-1 wpforms-image-choices-item\"><label class=\"wpforms-field-label-inline\" for=\"wpforms-508-field_7_8\" tabindex=\"0\"><span class=\"wpforms-image-choices-image\"><img decoding=\"async\" src=\"https:\/\/metal-komplex.pl\/wp-content\/uploads\/2025\/05\/IMG_3393_wynik-scaled.jpg\" alt=\"Na policzkach z prostej blachy\" title=\"Na policzkach z prostej blachy\"><\/span><input type=\"checkbox\" id=\"wpforms-508-field_7_8\" class=\"wpforms-screen-reader-element\" data-rule-check-limit=\"true\" name=\"wpforms[fields][7][]\" value=\"Na policzkach z prostej blachy\" aria-errormessage=\"wpforms-508-field_7_8-error\" tabindex=\"-1\"  ><span class=\"wpforms-image-choices-label\">Na policzkach z prostej blachy<\/span><\/label><\/li><li class=\"choice-11 depth-1 wpforms-image-choices-item\"><label class=\"wpforms-field-label-inline\" for=\"wpforms-508-field_7_11\" tabindex=\"0\"><span class=\"wpforms-image-choices-image\"><img decoding=\"async\" src=\"https:\/\/metal-komplex.pl\/wp-content\/uploads\/2025\/05\/IMG_4983.jpg_wynik-scaled.jpg\" alt=\"Schody dywanowe\" title=\"Schody dywanowe\"><\/span><input type=\"checkbox\" id=\"wpforms-508-field_7_11\" class=\"wpforms-screen-reader-element\" data-rule-check-limit=\"true\" name=\"wpforms[fields][7][]\" value=\"Schody dywanowe\" aria-errormessage=\"wpforms-508-field_7_11-error\" tabindex=\"-1\"  ><span class=\"wpforms-image-choices-label\">Schody dywanowe<\/span><\/label><\/li><li class=\"choice-9 depth-1 wpforms-image-choices-item\"><label class=\"wpforms-field-label-inline\" for=\"wpforms-508-field_7_9\" tabindex=\"0\"><span class=\"wpforms-image-choices-image\"><img decoding=\"async\" src=\"https:\/\/metal-komplex.pl\/wp-content\/uploads\/2025\/05\/20220212_130415-scaled.jpg\" alt=\"Na policzkach z blachy z\u0119batej\" title=\"Na policzkach z blachy z\u0119batej\"><\/span><input type=\"checkbox\" id=\"wpforms-508-field_7_9\" class=\"wpforms-screen-reader-element\" data-rule-check-limit=\"true\" name=\"wpforms[fields][7][]\" value=\"Na policzkach z blachy z\u0119batej\" aria-errormessage=\"wpforms-508-field_7_9-error\" tabindex=\"-1\"  ><span class=\"wpforms-image-choices-label\">Na policzkach z blachy z\u0119batej<\/span><\/label><\/li><li class=\"choice-12 depth-1 wpforms-image-choices-item\"><label class=\"wpforms-field-label-inline\" for=\"wpforms-508-field_7_12\" tabindex=\"0\"><span class=\"wpforms-image-choices-image\"><img decoding=\"async\" src=\"https:\/\/metal-komplex.pl\/wp-content\/uploads\/2025\/05\/IMG_4292_wynik-scaled.jpg\" alt=\"Schody zewn\u0119trzne\" title=\"Schody zewn\u0119trzne\"><\/span><input type=\"checkbox\" id=\"wpforms-508-field_7_12\" class=\"wpforms-screen-reader-element\" data-rule-check-limit=\"true\" name=\"wpforms[fields][7][]\" value=\"Schody zewn\u0119trzne\" aria-errormessage=\"wpforms-508-field_7_12-error\" tabindex=\"-1\"  ><span class=\"wpforms-image-choices-label\">Schody zewn\u0119trzne<\/span><\/label><\/li><li class=\"choice-13 depth-1 wpforms-image-choices-item\"><label class=\"wpforms-field-label-inline\" for=\"wpforms-508-field_7_13\" tabindex=\"0\"><span class=\"wpforms-image-choices-image\"><img decoding=\"async\" src=\"https:\/\/metal-komplex.pl\/wp-content\/uploads\/2025\/05\/20241223_101856_IMG_3770_wynik-scaled.jpg\" alt=\"Schody kr\u0119cone\" title=\"Schody kr\u0119cone\"><\/span><input type=\"checkbox\" id=\"wpforms-508-field_7_13\" class=\"wpforms-screen-reader-element\" data-rule-check-limit=\"true\" name=\"wpforms[fields][7][]\" value=\"Schody kr\u0119cone\" aria-errormessage=\"wpforms-508-field_7_13-error\" tabindex=\"-1\"  ><span class=\"wpforms-image-choices-label\">Schody kr\u0119cone<\/span><\/label><\/li><\/ul><\/fieldset><\/div><div id=\"wpforms-508-field_8-container\" class=\"wpforms-field wpforms-field-checkbox wpforms-list-3-columns\" data-field-id=\"8\"><fieldset><legend class=\"wpforms-field-label\">Zaznacz bieg schod\u00f3w i wpisz wymiary klatki schodowej szeroko\u015b\u0107, d\u0142ugo\u015b\u0107 i wysoko\u015b\u0107<\/legend><ul id=\"wpforms-508-field_8\" class=\"wpforms-image-choices wpforms-image-choices-classic\"><li class=\"choice-1 depth-1 wpforms-image-choices-item\"><label class=\"wpforms-field-label-inline\" for=\"wpforms-508-field_8_1\" tabindex=\"0\"><span class=\"wpforms-image-choices-image\"><img decoding=\"async\" src=\"https:\/\/metal-komplex.pl\/wp-content\/uploads\/2025\/05\/1.png\" alt=\"Jednobiegowe proste\" title=\"Jednobiegowe proste\"><\/span><input type=\"checkbox\" id=\"wpforms-508-field_8_1\" class=\"wpforms-screen-reader-element\" name=\"wpforms[fields][8][]\" value=\"Jednobiegowe proste\" aria-errormessage=\"wpforms-508-field_8_1-error\" tabindex=\"-1\"  ><span class=\"wpforms-image-choices-label\">Jednobiegowe proste<\/span><\/label><\/li><li class=\"choice-2 depth-1 wpforms-image-choices-item\"><label class=\"wpforms-field-label-inline\" for=\"wpforms-508-field_8_2\" tabindex=\"0\"><span class=\"wpforms-image-choices-image\"><img decoding=\"async\" src=\"https:\/\/metal-komplex.pl\/wp-content\/uploads\/2025\/05\/2.png\" alt=\"Dwubiegowe z podestem w liter\u0119 L\" title=\"Dwubiegowe z podestem w liter\u0119 L\"><\/span><input type=\"checkbox\" id=\"wpforms-508-field_8_2\" class=\"wpforms-screen-reader-element\" name=\"wpforms[fields][8][]\" value=\"Dwubiegowe z podestem w liter\u0119 L\" aria-errormessage=\"wpforms-508-field_8_2-error\" tabindex=\"-1\"  ><span class=\"wpforms-image-choices-label\">Dwubiegowe z podestem w liter\u0119 L<\/span><\/label><\/li><li class=\"choice-3 depth-1 wpforms-image-choices-item\"><label class=\"wpforms-field-label-inline\" for=\"wpforms-508-field_8_3\" tabindex=\"0\"><span class=\"wpforms-image-choices-image\"><img decoding=\"async\" src=\"https:\/\/metal-komplex.pl\/wp-content\/uploads\/2025\/05\/3.png\" alt=\"Trzybiegowe z dwoma podestami w liter\u0119 U\" title=\"Trzybiegowe z dwoma podestami w liter\u0119 U\"><\/span><input type=\"checkbox\" id=\"wpforms-508-field_8_3\" class=\"wpforms-screen-reader-element\" name=\"wpforms[fields][8][]\" value=\"Trzybiegowe z dwoma podestami w liter\u0119 U\" aria-errormessage=\"wpforms-508-field_8_3-error\" tabindex=\"-1\"  ><span class=\"wpforms-image-choices-label\">Trzybiegowe z dwoma podestami w liter\u0119 U<\/span><\/label><\/li><li class=\"choice-4 depth-1 wpforms-image-choices-item\"><label class=\"wpforms-field-label-inline\" for=\"wpforms-508-field_8_4\" tabindex=\"0\"><span class=\"wpforms-image-choices-image\"><img decoding=\"async\" src=\"https:\/\/metal-komplex.pl\/wp-content\/uploads\/2025\/05\/4.png\" alt=\"Dwubiegowe z podestem\/ami  w liter\u0119 U\" title=\"Dwubiegowe z podestem\/ami  w liter\u0119 U\"><\/span><input type=\"checkbox\" id=\"wpforms-508-field_8_4\" class=\"wpforms-screen-reader-element\" name=\"wpforms[fields][8][]\" value=\"Dwubiegowe z podestem\/ami  w liter\u0119 U\" aria-errormessage=\"wpforms-508-field_8_4-error\" tabindex=\"-1\"  ><span class=\"wpforms-image-choices-label\">Dwubiegowe z podestem\/ami  w liter\u0119 U<\/span><\/label><\/li><li class=\"choice-5 depth-1 wpforms-image-choices-item\"><label class=\"wpforms-field-label-inline\" for=\"wpforms-508-field_8_5\" tabindex=\"0\"><span class=\"wpforms-image-choices-image\"><img decoding=\"async\" src=\"https:\/\/metal-komplex.pl\/wp-content\/uploads\/2025\/05\/5.png\" alt=\"Schody zabiegowe w liter\u0119 L\" title=\"Schody zabiegowe w liter\u0119 L\"><\/span><input type=\"checkbox\" id=\"wpforms-508-field_8_5\" class=\"wpforms-screen-reader-element\" name=\"wpforms[fields][8][]\" value=\"Schody zabiegowe w liter\u0119 L\" aria-errormessage=\"wpforms-508-field_8_5-error\" tabindex=\"-1\"  ><span class=\"wpforms-image-choices-label\">Schody zabiegowe w liter\u0119 L<\/span><\/label><\/li><li class=\"choice-6 depth-1 wpforms-image-choices-item\"><label class=\"wpforms-field-label-inline\" for=\"wpforms-508-field_8_6\" tabindex=\"0\"><span class=\"wpforms-image-choices-image\"><img decoding=\"async\" src=\"https:\/\/metal-komplex.pl\/wp-content\/uploads\/2025\/05\/6.png\" alt=\"Schody zabiegowe w liter\u0119 U\" title=\"Schody zabiegowe w liter\u0119 U\"><\/span><input type=\"checkbox\" id=\"wpforms-508-field_8_6\" class=\"wpforms-screen-reader-element\" name=\"wpforms[fields][8][]\" value=\"Schody zabiegowe w liter\u0119 U\" aria-errormessage=\"wpforms-508-field_8_6-error\" tabindex=\"-1\"  ><span class=\"wpforms-image-choices-label\">Schody zabiegowe w liter\u0119 U<\/span><\/label><\/li><li class=\"choice-7 depth-1 wpforms-image-choices-item\"><label class=\"wpforms-field-label-inline\" for=\"wpforms-508-field_8_7\" tabindex=\"0\"><span class=\"wpforms-image-choices-image\"><img decoding=\"async\" src=\"https:\/\/metal-komplex.pl\/wp-content\/uploads\/2025\/05\/7.png\" alt=\"Z wyj\u015bciem\/wej\u015bciem 90\u00b0\" title=\"Z wyj\u015bciem\/wej\u015bciem 90\u00b0\"><\/span><input type=\"checkbox\" id=\"wpforms-508-field_8_7\" class=\"wpforms-screen-reader-element\" name=\"wpforms[fields][8][]\" value=\"Z wyj\u015bciem\/wej\u015bciem 90\u00b0\" aria-errormessage=\"wpforms-508-field_8_7-error\" tabindex=\"-1\"  ><span class=\"wpforms-image-choices-label\">Z wyj\u015bciem\/wej\u015bciem 90\u00b0<\/span><\/label><\/li><\/ul><\/fieldset><\/div><div id=\"wpforms-508-field_9-container\" class=\"wpforms-field wpforms-field-text\" data-field-id=\"9\"><label class=\"wpforms-field-label\" for=\"wpforms-508-field_9\">Wymiary klatki schodowej<\/label><input type=\"text\" id=\"wpforms-508-field_9\" class=\"wpforms-field-large\" name=\"wpforms[fields][9]\" aria-errormessage=\"wpforms-508-field_9-error\" aria-describedby=\"wpforms-508-field_9-description\" ><div id=\"wpforms-508-field_9-description\" class=\"wpforms-field-description\">Je\u015bli jeste\u015b r\u00f3wnie\u017c zainteresowana\/y balustradami, daj nam zna\u0107 ile metr\u00f3w bie\u017c\u0105cych mamy przyj\u0105\u0107 do wyceny. <\/div><\/div><div id=\"wpforms-508-field_14-container\" class=\"wpforms-field wpforms-field-text\" data-field-id=\"14\"><label class=\"wpforms-field-label\" for=\"wpforms-508-field_14\">Adres e-mail <span class=\"wpforms-required-label\" aria-hidden=\"true\">*<\/span><\/label><input type=\"text\" id=\"wpforms-508-field_14\" class=\"wpforms-field-large wpforms-field-required\" name=\"wpforms[fields][14]\" aria-errormessage=\"wpforms-508-field_14-error\" required><\/div><div id=\"wpforms-508-field_1-container\" class=\"wpforms-field wpforms-field-text\" data-field-id=\"1\"><label class=\"wpforms-field-label\" for=\"wpforms-508-field_1\">Imi\u0119 i nazwisko <span class=\"wpforms-required-label\" aria-hidden=\"true\">*<\/span><\/label><input type=\"text\" id=\"wpforms-508-field_1\" class=\"wpforms-field-large wpforms-field-required\" name=\"wpforms[fields][1]\" aria-errormessage=\"wpforms-508-field_1-error\" required><\/div><div id=\"wpforms-508-field_13-container\" class=\"wpforms-field wpforms-field-text\" data-field-id=\"13\"><label class=\"wpforms-field-label\" for=\"wpforms-508-field_13\">Numer telefonu <span class=\"wpforms-required-label\" aria-hidden=\"true\">*<\/span><\/label><input type=\"text\" id=\"wpforms-508-field_13\" class=\"wpforms-field-medium wpforms-field-required\" name=\"wpforms[fields][13]\" aria-errormessage=\"wpforms-508-field_13-error\" required><\/div><div id=\"wpforms-508-field_12-container\" class=\"wpforms-field wpforms-field-select wpforms-field-select-style-classic\" data-field-id=\"12\"><label class=\"wpforms-field-label\" for=\"wpforms-508-field_12\">Wybierz wojew\u00f3dztwo<\/label><select id=\"wpforms-508-field_12\" class=\"wpforms-field-large\" name=\"wpforms[fields][12]\"><option value=\"Dolno\u015bl\u0105skie\" >Dolno\u015bl\u0105skie<\/option><option value=\"Kujawsko-pomorskie\" >Kujawsko-pomorskie<\/option><option value=\"Lubelskie\" >Lubelskie<\/option><option value=\"Lubuskie\" >Lubuskie<\/option><option value=\"\u0141\u00f3dzkie\" >\u0141\u00f3dzkie<\/option><option value=\"Ma\u0142opolskie\" >Ma\u0142opolskie<\/option><option value=\"Mazowieckie\" >Mazowieckie<\/option><option value=\"Opolskie\" >Opolskie<\/option><option value=\"Podkarpackie\" >Podkarpackie<\/option><option value=\"Podlaskie\" >Podlaskie<\/option><option value=\"Pomorskie\" >Pomorskie<\/option><option value=\"\u015al\u0105skie\" >\u015al\u0105skie<\/option><option value=\"\u015awi\u0119tokrzyskie\" >\u015awi\u0119tokrzyskie<\/option><option value=\"Warmi\u0144sko-mazurskie\" >Warmi\u0144sko-mazurskie<\/option><option value=\"Wielkopolskie\" >Wielkopolskie<\/option><option value=\"Zachodniopomorskie\" >Zachodniopomorskie<\/option><\/select><\/div><div id=\"wpforms-508-field_4-container\" class=\"wpforms-field wpforms-field-textarea\" data-field-id=\"4\"><label class=\"wpforms-field-label\" for=\"wpforms-508-field_4\">Kilka s\u0142\u00f3w o inwestycji o planie na schody i balustrady, co powinni\u015bmy wzi\u0105\u0107 pod uwag\u0119?<\/label><textarea id=\"wpforms-508-field_4\" class=\"wpforms-field-large\" name=\"wpforms[fields][4]\" aria-errormessage=\"wpforms-508-field_4-error\" ><\/textarea><\/div><script>\n\t\t\t\t( function() {\n\t\t\t\t\tconst style = document.createElement( 'style' );\n\t\t\t\t\tstyle.appendChild( document.createTextNode( '#wpforms-508-field_2-container { position: absolute !important; overflow: hidden !important; display: inline !important; height: 1px !important; width: 1px !important; z-index: -1000 !important; padding: 0 !important; } #wpforms-508-field_2-container input { visibility: hidden; } #wpforms-conversational-form-page #wpforms-508-field_2-container label { counter-increment: none; }' ) );\n\t\t\t\t\tdocument.head.appendChild( style );\n\t\t\t\t\tdocument.currentScript?.remove();\n\t\t\t\t} )();\n\t\t\t<\/script><\/div><!-- .wpforms-field-container --><div class=\"wpforms-submit-container\" ><input type=\"hidden\" name=\"wpforms[id]\" value=\"508\"><input type=\"hidden\" name=\"page_title\" value=\"\"><input type=\"hidden\" name=\"page_url\" value=\"https:\/\/metal-komplex.pl\/index.php?rest_route=\/wp\/v2\/pages\/505\"><input type=\"hidden\" name=\"url_referer\" value=\"\"><button type=\"submit\" name=\"wpforms[submit]\" id=\"wpforms-submit-508\" class=\"wpforms-submit\" data-alt-text=\"Wysy\u0142anie...\" data-submit-text=\"Wy\u015blij\" aria-live=\"assertive\" value=\"wpforms-submit\">Wy\u015blij<\/button><img decoding=\"async\" src=\"https:\/\/metal-komplex.pl\/wp-content\/plugins\/wpforms-lite\/assets\/images\/submit-spin.svg\" class=\"wpforms-submit-spinner\" style=\"display: none;\" width=\"26\" height=\"26\" alt=\"Wczytywanie\"><\/div><\/form><\/div>  <!-- .wpforms-container -->\t\t\t\t<\/div>\n\t\t\t\t<\/div>\n\t\t\t\t\t<\/div>\n\t\t<\/div>\n\t\t\t\t\t<\/div>\n\t\t<\/section>\n\t\t\t\t<\/div>\n\t\t","protected":false},"excerpt":{"rendered":"<p>Kalkulator produkcji schod\u00f3w i balustrad Aby wype\u0142ni\u0107 ten formularz, w\u0142\u0105cz obs\u0142ug\u0119 JavaScript w przegl\u0105darce.Aby wype\u0142ni\u0107 ten formularz, w\u0142\u0105cz obs\u0142ug\u0119 JavaScript w przegl\u0105darce. Zaznacz rodzaj schod\u00f3w, kt\u00f3rych cen\u0119 chcia\u0142by\u015b pozna\u0107 Na centralnej belce Na policzkach z prostej blachy Schody dywanowe Na policzkach z blachy z\u0119batej Schody zewn\u0119trzne Schody kr\u0119cone Zaznacz bieg schod\u00f3w i wpisz wymiary klatki schodowej szeroko\u015b\u0107, d\u0142ugo\u015b\u0107 i wysoko\u015b\u0107 Jednobiegowe proste Dwubiegowe z podestem w liter\u0119 L Trzybiegowe z dwoma podestami w liter\u0119 U Dwubiegowe z podestem\/ami w liter\u0119 U Schody zabiegowe w liter\u0119 L Schody zabiegowe w liter\u0119 U Z wyj\u015bciem\/wej\u015bciem 90\u00b0 Wymiary klatki schodowejJe\u015bli jeste\u015b r\u00f3wnie\u017c zainteresowana\/y balustradami, daj nam zna\u0107 ile metr\u00f3w bie\u017c\u0105cych mamy przyj\u0105\u0107 do wyceny. Adres e-mail *Imi\u0119 i nazwisko *Numer telefonu *Wybierz wojew\u00f3dztwoDolno\u015bl\u0105skieKujawsko-pomorskieLubelskieLubuskie\u0141\u00f3dzkieMa\u0142opolskieMazowieckieOpolskiePodkarpackiePodlaskiePomorskie\u015al\u0105skie\u015awi\u0119tokrzyskieWarmi\u0144sko-mazurskieWielkopolskieZachodniopomorskieKilka s\u0142\u00f3w o inwestycji o planie na schody i balustrady, co powinni\u015bmy wzi\u0105\u0107 pod uwag\u0119? *Opr\u00f3cz zdj\u0119\u0107 balustrady, dodaj r\u00f3wnie\u017c zdj\u0119cia stanu istniej\u0105cego Twojej klatki schodowej, dzi\u0119ki temu wst\u0119pna kalkulacja ceny b\u0119dzie bardziej szczeg\u00f3\u0142owa Wy\u015blij<\/p>\n","protected":false},"author":1,"featured_media":0,"parent":0,"menu_order":0,"comment_status":"closed","ping_status":"closed","template":"elementor_header_footer","meta":{"_eb_attr":"","footnotes":""},"class_list":["post-505","page","type-page","status-publish","hentry"],"_links":{"self":[{"href":"https:\/\/metal-komplex.pl\/index.php?rest_route=\/wp\/v2\/pages\/505","targetHints":{"allow":["GET"]}}],"collection":[{"href":"https:\/\/metal-komplex.pl\/index.php?rest_route=\/wp\/v2\/pages"}],"about":[{"href":"https:\/\/metal-komplex.pl\/index.php?rest_route=\/wp\/v2\/types\/page"}],"author":[{"embeddable":true,"href":"https:\/\/metal-komplex.pl\/index.php?rest_route=\/wp\/v2\/users\/1"}],"replies":[{"embeddable":true,"href":"https:\/\/metal-komplex.pl\/index.php?rest_route=%2Fwp%2Fv2%2Fcomments&post=505"}],"version-history":[{"count":14,"href":"https:\/\/metal-komplex.pl\/index.php?rest_route=\/wp\/v2\/pages\/505\/revisions"}],"predecessor-version":[{"id":917,"href":"https:\/\/metal-komplex.pl\/index.php?rest_route=\/wp\/v2\/pages\/505\/revisions\/917"}],"wp:attachment":[{"href":"https:\/\/metal-komplex.pl\/index.php?rest_route=%2Fwp%2Fv2%2Fmedia&parent=505"}],"curies":[{"name":"wp","href":"https:\/\/api.w.org\/{rel}","templated":true}]}}