{"id":139,"date":"2022-10-21T11:08:58","date_gmt":"2022-10-21T11:08:58","guid":{"rendered":"https:\/\/metal-komplex.pl\/?page_id=139"},"modified":"2025-06-25T22:00:18","modified_gmt":"2025-06-25T22:00:18","slug":"uslugi-cnc","status":"publish","type":"page","link":"https:\/\/metal-komplex.pl\/?page_id=139","title":{"rendered":"Us\u0142ugi CNC"},"content":{"rendered":"\t\t<div data-elementor-type=\"wp-page\" data-elementor-id=\"139\" class=\"elementor elementor-139\">\n\t\t\t\t\t\t<section class=\"elementor-section elementor-top-section elementor-element elementor-element-b3e2f24 elementor-section-boxed elementor-section-height-default elementor-section-height-default wpr-particle-no wpr-jarallax-no wpr-parallax-no wpr-sticky-section-no\" data-id=\"b3e2f24\" data-element_type=\"section\">\n\t\t\t\t\t\t<div class=\"elementor-container elementor-column-gap-default\">\n\t\t\t\t\t<div class=\"elementor-column elementor-col-100 elementor-top-column elementor-element elementor-element-4497074\" data-id=\"4497074\" data-element_type=\"column\">\n\t\t\t<div class=\"elementor-widget-wrap\">\n\t\t\t\t\t\t\t<\/div>\n\t\t<\/div>\n\t\t\t\t\t<\/div>\n\t\t<\/section>\n\t\t\t\t<section class=\"elementor-section elementor-top-section elementor-element elementor-element-1200af5 elementor-section-height-min-height elementor-section-boxed elementor-section-height-default elementor-section-items-middle wpr-particle-no wpr-jarallax-no wpr-parallax-no wpr-sticky-section-no\" data-id=\"1200af5\" data-element_type=\"section\" data-settings=\"{&quot;background_background&quot;:&quot;classic&quot;}\">\n\t\t\t\t\t\t\t<div class=\"elementor-background-overlay\"><\/div>\n\t\t\t\t\t\t\t<div class=\"elementor-container elementor-column-gap-default\">\n\t\t\t\t\t<div class=\"elementor-column elementor-col-100 elementor-top-column elementor-element elementor-element-50afbf8\" data-id=\"50afbf8\" data-element_type=\"column\">\n\t\t\t<div class=\"elementor-widget-wrap elementor-element-populated\">\n\t\t\t\t\t\t<div class=\"elementor-element elementor-element-b6280be elementor-widget elementor-widget-heading\" data-id=\"b6280be\" data-element_type=\"widget\" data-widget_type=\"heading.default\">\n\t\t\t\t<div class=\"elementor-widget-container\">\n\t\t\t\t\t<h2 class=\"elementor-heading-title elementor-size-default\">Us\u0142ugi CNC<\/h2>\t\t\t\t<\/div>\n\t\t\t\t<\/div>\n\t\t\t\t<div class=\"elementor-element elementor-element-b2a47aa elementor-widget elementor-widget-heading\" data-id=\"b2a47aa\" data-element_type=\"widget\" data-widget_type=\"heading.default\">\n\t\t\t\t<div class=\"elementor-widget-container\">\n\t\t\t\t\t<h2 class=\"elementor-heading-title elementor-size-default\">ci\u0119cie plazm\u0105, szlifowanie, wycinanie, obcinanie, obr\u00f3bka skrawaniem i wiele innych\n<\/h2>\t\t\t\t<\/div>\n\t\t\t\t<\/div>\n\t\t\t\t\t<\/div>\n\t\t<\/div>\n\t\t\t\t\t<\/div>\n\t\t<\/section>\n\t\t\t\t<section class=\"elementor-section elementor-top-section elementor-element elementor-element-02839cf elementor-section-boxed elementor-section-height-default elementor-section-height-default wpr-particle-no wpr-jarallax-no wpr-parallax-no wpr-sticky-section-no\" data-id=\"02839cf\" data-element_type=\"section\">\n\t\t\t\t\t\t<div class=\"elementor-container elementor-column-gap-default\">\n\t\t\t\t\t<div class=\"elementor-column elementor-col-50 elementor-top-column elementor-element elementor-element-92a6410\" data-id=\"92a6410\" data-element_type=\"column\">\n\t\t\t<div class=\"elementor-widget-wrap elementor-element-populated\">\n\t\t\t\t\t\t<div class=\"elementor-element elementor-element-7017a7c elementor-widget elementor-widget-spacer\" data-id=\"7017a7c\" data-element_type=\"widget\" data-widget_type=\"spacer.default\">\n\t\t\t\t<div class=\"elementor-widget-container\">\n\t\t\t\t\t\t\t<div class=\"elementor-spacer\">\n\t\t\t<div class=\"elementor-spacer-inner\"><\/div>\n\t\t<\/div>\n\t\t\t\t\t\t<\/div>\n\t\t\t\t<\/div>\n\t\t\t\t<div class=\"elementor-element elementor-element-ec7c8a1 elementor-widget elementor-widget-image\" data-id=\"ec7c8a1\" data-element_type=\"widget\" data-widget_type=\"image.default\">\n\t\t\t\t<div class=\"elementor-widget-container\">\n\t\t\t\t\t\t\t\t\t\t\t\t\t\t\t<img fetchpriority=\"high\" decoding=\"async\" width=\"800\" height=\"360\" src=\"https:\/\/metal-komplex.pl\/wp-content\/uploads\/2022\/10\/8393858219-1024x461.jpg\" class=\"attachment-large size-large wp-image-145\" alt=\"\" srcset=\"https:\/\/metal-komplex.pl\/wp-content\/uploads\/2022\/10\/8393858219-1024x461.jpg 1024w, https:\/\/metal-komplex.pl\/wp-content\/uploads\/2022\/10\/8393858219-300x135.jpg 300w, https:\/\/metal-komplex.pl\/wp-content\/uploads\/2022\/10\/8393858219-768x346.jpg 768w, https:\/\/metal-komplex.pl\/wp-content\/uploads\/2022\/10\/8393858219-1536x692.jpg 1536w, https:\/\/metal-komplex.pl\/wp-content\/uploads\/2022\/10\/8393858219.jpg 1920w\" sizes=\"(max-width: 800px) 100vw, 800px\" \/>\t\t\t\t\t\t\t\t\t\t\t\t\t\t\t<\/div>\n\t\t\t\t<\/div>\n\t\t\t\t\t<\/div>\n\t\t<\/div>\n\t\t\t\t<div class=\"elementor-column elementor-col-50 elementor-top-column elementor-element elementor-element-750569d\" data-id=\"750569d\" data-element_type=\"column\">\n\t\t\t<div class=\"elementor-widget-wrap elementor-element-populated\">\n\t\t\t\t\t\t<div class=\"elementor-element elementor-element-a7658e7 elementor-widget elementor-widget-spacer\" data-id=\"a7658e7\" data-element_type=\"widget\" data-widget_type=\"spacer.default\">\n\t\t\t\t<div class=\"elementor-widget-container\">\n\t\t\t\t\t\t\t<div class=\"elementor-spacer\">\n\t\t\t<div class=\"elementor-spacer-inner\"><\/div>\n\t\t<\/div>\n\t\t\t\t\t\t<\/div>\n\t\t\t\t<\/div>\n\t\t\t\t<div class=\"elementor-element elementor-element-08e1f9b elementor-widget elementor-widget-heading\" data-id=\"08e1f9b\" data-element_type=\"widget\" data-widget_type=\"heading.default\">\n\t\t\t\t<div class=\"elementor-widget-container\">\n\t\t\t\t\t<h2 class=\"elementor-heading-title elementor-size-default\">Us\u0142ugi CNC<\/h2>\t\t\t\t<\/div>\n\t\t\t\t<\/div>\n\t\t\t\t<div class=\"elementor-element elementor-element-1a4f8b6 elementor-widget-divider--view-line elementor-widget elementor-widget-divider\" data-id=\"1a4f8b6\" data-element_type=\"widget\" data-widget_type=\"divider.default\">\n\t\t\t\t<div class=\"elementor-widget-container\">\n\t\t\t\t\t\t\t<div class=\"elementor-divider\">\n\t\t\t<span class=\"elementor-divider-separator\">\n\t\t\t\t\t\t<\/span>\n\t\t<\/div>\n\t\t\t\t\t\t<\/div>\n\t\t\t\t<\/div>\n\t\t\t\t<div class=\"elementor-element elementor-element-b487f54 elementor-widget elementor-widget-text-editor\" data-id=\"b487f54\" data-element_type=\"widget\" data-widget_type=\"text-editor.default\">\n\t\t\t\t<div class=\"elementor-widget-container\">\n\t\t\t\t\t\t\t\t\t<p>ci\u0119cie plazm\u0105,szlifowanie, wycinanie, obcinanie, obr\u00f3bka skrawaniem i wiele innych<\/p><p>Nasze us\u0142ugi w tym us\u0142ugi CNC s\u0105 wykonywane w oparciu o dokumentacj\u0119 techniczn\u0105 dostarczon\u0105 przez Klienta lub na podstawie dokumentacji przygotowanej przez naszych fachowc\u00f3w.<\/p><p>Zakres us\u0142ug pocz\u0105wszy od projektu i przygotowania produkcji, poprzez wszelkie etapy obr\u00f3bcze, \u0142\u0105czenia oraz wyko\u0144czenia powierzchni.<\/p>\t\t\t\t\t\t\t\t<\/div>\n\t\t\t\t<\/div>\n\t\t\t\t\t<\/div>\n\t\t<\/div>\n\t\t\t\t\t<\/div>\n\t\t<\/section>\n\t\t\t\t<section class=\"elementor-section elementor-top-section elementor-element elementor-element-5431133 elementor-section-boxed elementor-section-height-default elementor-section-height-default wpr-particle-no wpr-jarallax-no wpr-parallax-no wpr-sticky-section-no\" data-id=\"5431133\" data-element_type=\"section\">\n\t\t\t\t\t\t<div class=\"elementor-container elementor-column-gap-default\">\n\t\t\t\t\t<div class=\"elementor-column elementor-col-100 elementor-top-column elementor-element elementor-element-d7a7842\" data-id=\"d7a7842\" data-element_type=\"column\">\n\t\t\t<div class=\"elementor-widget-wrap elementor-element-populated\">\n\t\t\t\t\t\t<div class=\"elementor-element elementor-element-9c658d6 elementor-widget elementor-widget-text-editor\" data-id=\"9c658d6\" data-element_type=\"widget\" data-widget_type=\"text-editor.default\">\n\t\t\t\t<div class=\"elementor-widget-container\">\n\t\t\t\t\t\t\t\t\t<p style=\"margin-right: 0px; margin-bottom: 30px; margin-left: 0px; font-size: 18px; line-height: 30px; color: var(--color-gray);\">\u015awiadczymy us\u0142ugi wykonywane na wielu urz\u0105dzeniach <b>CNC<\/b>: ci\u0119cie plazm\u0105,szlifowanie, wycinanie, obcinanie, obr\u00f3bka skrawaniem oraz obr\u00f3bka mechaniczna wszelkich materia\u0142\u00f3w metalicznych<\/p><p style=\"margin-right: 0px; margin-bottom: 30px; margin-left: 0px; font-size: 18px; line-height: 30px; color: var(--color-gray);\">-stal nierdzewna,<br \/>-stal kwasoodporna,<br \/>-stal powlekana,<br \/>-stal zwyk\u0142a i stal czarna,<br \/>-stal konstrukcyjna<br \/>-aluminium<\/p><p style=\"margin-right: 0px; margin-bottom: 30px; margin-left: 0px; font-size: 18px; line-height: 30px; color: var(--color-gray);\"><br \/>Specjalizujemy si\u0119 w obr\u00f3bce skrawaniem na maszynach sterowanych CNC. Dysponujemy r\u00f3wnie\u017c obrabiarkami konwencjonalnymi. Zastosowanie w procesie produkcyjnym nowoczesnych urz\u0105dze\u0144, zapewnia nam mo\u017cliwo\u015b\u0107 uzyskiwania wysokiej jako\u015bci obrabianych materia\u0142\u00f3w<\/p><p style=\"margin-right: 0px; margin-bottom: 30px; margin-left: 0px; font-size: 18px; line-height: 30px; color: var(--color-gray);\"><b>Nasza kompleksowa oferta obejmuje:<\/b><\/p><p style=\"box-sizing: border-box; margin: 0px; font-size: 18px; line-height: 30px; color: var(--color-gray);\">-projektowanie w systemie CAD\/CAM,<br style=\"box-sizing: border-box;\" \/>-obr\u00f3bka skrawaniem<br style=\"box-sizing: border-box;\" \/>-ci\u0119cie plazm\u0105<br style=\"box-sizing: border-box;\" \/>-spawanie konstrukcji stalowych<br style=\"box-sizing: border-box;\" \/>-wyka\u0144czanie powierzchni produkowanych wyrob\u00f3w (malowanie).<\/p>\t\t\t\t\t\t\t\t<\/div>\n\t\t\t\t<\/div>\n\t\t\t\t\t<\/div>\n\t\t<\/div>\n\t\t\t\t\t<\/div>\n\t\t<\/section>\n\t\t\t\t<section class=\"elementor-section elementor-top-section elementor-element elementor-element-591d585 elementor-section-boxed elementor-section-height-default elementor-section-height-default wpr-particle-no wpr-jarallax-no wpr-parallax-no wpr-sticky-section-no\" data-id=\"591d585\" data-element_type=\"section\">\n\t\t\t\t\t\t<div class=\"elementor-container elementor-column-gap-default\">\n\t\t\t\t\t<div class=\"elementor-column elementor-col-100 elementor-top-column elementor-element elementor-element-3c62263\" data-id=\"3c62263\" data-element_type=\"column\">\n\t\t\t<div class=\"elementor-widget-wrap\">\n\t\t\t\t\t\t\t<\/div>\n\t\t<\/div>\n\t\t\t\t\t<\/div>\n\t\t<\/section>\n\t\t\t\t<section class=\"elementor-section elementor-top-section elementor-element elementor-element-4155f01 elementor-section-boxed elementor-section-height-default elementor-section-height-default wpr-particle-no wpr-jarallax-no wpr-parallax-no wpr-sticky-section-no\" data-id=\"4155f01\" data-element_type=\"section\">\n\t\t\t\t\t\t<div class=\"elementor-container elementor-column-gap-default\">\n\t\t\t\t\t<div class=\"elementor-column elementor-col-100 elementor-top-column elementor-element elementor-element-7ecf892\" data-id=\"7ecf892\" data-element_type=\"column\">\n\t\t\t<div class=\"elementor-widget-wrap elementor-element-populated\">\n\t\t\t\t\t\t<div class=\"elementor-element elementor-element-611fe2b elementor-widget elementor-widget-spacer\" data-id=\"611fe2b\" data-element_type=\"widget\" data-widget_type=\"spacer.default\">\n\t\t\t\t<div class=\"elementor-widget-container\">\n\t\t\t\t\t\t\t<div class=\"elementor-spacer\">\n\t\t\t<div class=\"elementor-spacer-inner\"><\/div>\n\t\t<\/div>\n\t\t\t\t\t\t<\/div>\n\t\t\t\t<\/div>\n\t\t\t\t<div class=\"elementor-element elementor-element-d52f619 elementor-align-center elementor-widget elementor-widget-button\" data-id=\"d52f619\" data-element_type=\"widget\" data-widget_type=\"button.default\">\n\t\t\t\t<div class=\"elementor-widget-container\">\n\t\t\t\t\t\t\t\t\t<div class=\"elementor-button-wrapper\">\n\t\t\t\t\t<a class=\"elementor-button elementor-button-link elementor-size-sm\" href=\"tel:+48728735709\">\n\t\t\t\t\t\t<span class=\"elementor-button-content-wrapper\">\n\t\t\t\t\t\t\t\t\t<span class=\"elementor-button-text\">+48 728 735 709<\/span>\n\t\t\t\t\t<\/span>\n\t\t\t\t\t<\/a>\n\t\t\t\t<\/div>\n\t\t\t\t\t\t\t\t<\/div>\n\t\t\t\t<\/div>\n\t\t\t\t<div class=\"elementor-element elementor-element-421a35e elementor-widget-divider--view-line elementor-widget elementor-widget-divider\" data-id=\"421a35e\" data-element_type=\"widget\" data-widget_type=\"divider.default\">\n\t\t\t\t<div class=\"elementor-widget-container\">\n\t\t\t\t\t\t\t<div class=\"elementor-divider\">\n\t\t\t<span class=\"elementor-divider-separator\">\n\t\t\t\t\t\t<\/span>\n\t\t<\/div>\n\t\t\t\t\t\t<\/div>\n\t\t\t\t<\/div>\n\t\t\t\t\t<\/div>\n\t\t<\/div>\n\t\t\t\t\t<\/div>\n\t\t<\/section>\n\t\t\t\t<\/div>\n\t\t","protected":false},"excerpt":{"rendered":"<p>Us\u0142ugi CNC ci\u0119cie plazm\u0105, szlifowanie, wycinanie, obcinanie, obr\u00f3bka skrawaniem i wiele innych Us\u0142ugi CNC ci\u0119cie plazm\u0105,szlifowanie, wycinanie, obcinanie, obr\u00f3bka skrawaniem i wiele innych Nasze us\u0142ugi w tym us\u0142ugi CNC s\u0105 wykonywane w oparciu o dokumentacj\u0119 techniczn\u0105 dostarczon\u0105 przez Klienta lub na podstawie dokumentacji przygotowanej przez naszych fachowc\u00f3w. Zakres us\u0142ug pocz\u0105wszy od projektu i przygotowania produkcji, poprzez wszelkie etapy obr\u00f3bcze, \u0142\u0105czenia oraz wyko\u0144czenia powierzchni. \u015awiadczymy us\u0142ugi wykonywane na wielu urz\u0105dzeniach CNC: ci\u0119cie plazm\u0105,szlifowanie, wycinanie, obcinanie, obr\u00f3bka skrawaniem oraz obr\u00f3bka mechaniczna wszelkich materia\u0142\u00f3w metalicznych -stal nierdzewna,-stal kwasoodporna,-stal powlekana,-stal zwyk\u0142a i stal czarna,-stal konstrukcyjna-aluminium Specjalizujemy si\u0119 w obr\u00f3bce skrawaniem na maszynach sterowanych CNC. Dysponujemy r\u00f3wnie\u017c obrabiarkami konwencjonalnymi. Zastosowanie w procesie produkcyjnym nowoczesnych urz\u0105dze\u0144, zapewnia nam mo\u017cliwo\u015b\u0107 uzyskiwania wysokiej jako\u015bci obrabianych materia\u0142\u00f3w Nasza kompleksowa oferta obejmuje: -projektowanie w systemie CAD\/CAM,-obr\u00f3bka skrawaniem-ci\u0119cie plazm\u0105-spawanie konstrukcji stalowych-wyka\u0144czanie powierzchni produkowanych wyrob\u00f3w (malowanie). +48 728 735 709<\/p>\n","protected":false},"author":1,"featured_media":0,"parent":0,"menu_order":0,"comment_status":"closed","ping_status":"closed","template":"elementor_canvas","meta":{"_eb_attr":"","footnotes":""},"class_list":["post-139","page","type-page","status-publish","hentry"],"_links":{"self":[{"href":"https:\/\/metal-komplex.pl\/index.php?rest_route=\/wp\/v2\/pages\/139","targetHints":{"allow":["GET"]}}],"collection":[{"href":"https:\/\/metal-komplex.pl\/index.php?rest_route=\/wp\/v2\/pages"}],"about":[{"href":"https:\/\/metal-komplex.pl\/index.php?rest_route=\/wp\/v2\/types\/page"}],"author":[{"embeddable":true,"href":"https:\/\/metal-komplex.pl\/index.php?rest_route=\/wp\/v2\/users\/1"}],"replies":[{"embeddable":true,"href":"https:\/\/metal-komplex.pl\/index.php?rest_route=%2Fwp%2Fv2%2Fcomments&post=139"}],"version-history":[{"count":13,"href":"https:\/\/metal-komplex.pl\/index.php?rest_route=\/wp\/v2\/pages\/139\/revisions"}],"predecessor-version":[{"id":1167,"href":"https:\/\/metal-komplex.pl\/index.php?rest_route=\/wp\/v2\/pages\/139\/revisions\/1167"}],"wp:attachment":[{"href":"https:\/\/metal-komplex.pl\/index.php?rest_route=%2Fwp%2Fv2%2Fmedia&parent=139"}],"curies":[{"name":"wp","href":"https:\/\/api.w.org\/{rel}","templated":true}]}}