{"id":1022,"date":"2025-06-24T15:15:34","date_gmt":"2025-06-24T15:15:34","guid":{"rendered":"https:\/\/metal-komplex.pl\/?page_id=1022"},"modified":"2025-06-24T15:15:43","modified_gmt":"2025-06-24T15:15:43","slug":"polityka-prywatnosci","status":"publish","type":"page","link":"https:\/\/metal-komplex.pl\/?page_id=1022","title":{"rendered":"Polityka prywatno\u015bci"},"content":{"rendered":"\n<p><strong>Data ostatniej aktualizacji: 24.06.2025<\/strong><\/p>\n\n\n\n<p>Na stronie <a class=\"\" href=\"https:\/\/metal-komplex.pl\">metal-komplex.pl<\/a> szanujemy Twoje prywatno\u015b\u0107 i zobowi\u0105zujemy si\u0119 do ochrony Twoich danych osobowych. Poni\u017cej przedstawiamy informacje na temat tego, jak zbieramy, przetwarzamy i przechowujemy Twoje dane.<\/p>\n\n\n\n<h4 class=\"wp-block-heading\">1. Administrator danych<\/h4>\n\n\n\n<p>Administratorem Twoich danych osobowych jest firma Metal-komplex, z siedzib\u0105 przy 95-050 Konstantyn\u00f3w \u0141\u00f3dzki plac Wolno\u015bci 35. Mo\u017cesz skontaktowa\u0107 si\u0119 z nami pod adresem e-mail: <a href=\"mailto:biuro.metalkomplex@gmail.com\">biuro.metalkomplex@gmail.com<\/a> lub telefonicznie:<a href=\"tel:+48728735709\">+48 728 735 709<\/a><\/p>\n\n\n\n<h4 class=\"wp-block-heading\">2. Jakie dane zbieramy?<\/h4>\n\n\n\n<p>Podczas korzystania z naszej strony, mo\u017cemy zbiera\u0107 nast\u0119puj\u0105ce dane:<\/p>\n\n\n\n<ul class=\"wp-block-list\">\n<li><strong>Dane osobowe<\/strong>: imi\u0119, nazwisko, adres e-mail, numer telefonu, adres.<\/li>\n\n\n\n<li><strong>Dane techniczne<\/strong>: adres IP, typ przegl\u0105darki, rodzaj urz\u0105dzenia, czas sp\u0119dzony na stronie.<\/li>\n\n\n\n<li><strong>Dane zwi\u0105zane z aktywno\u015bci\u0105 na stronie<\/strong>: dane dotycz\u0105ce interakcji z formularzami, zapytaniami o ofert\u0119, zapisami na newsletter.<\/li>\n<\/ul>\n\n\n\n<h4 class=\"wp-block-heading\">3. Cel przetwarzania danych<\/h4>\n\n\n\n<p>Dane osobowe s\u0105 zbierane w nast\u0119puj\u0105cych celach:<\/p>\n\n\n\n<ul class=\"wp-block-list\">\n<li><strong>\u015awiadczenie us\u0142ug<\/strong>: realizacja zam\u00f3wie\u0144, zapyta\u0144 ofertowych, kontaktu z u\u017cytkownikami.<\/li>\n\n\n\n<li><strong>Marketing<\/strong>: wysy\u0142anie informacji marketingowych, newsletter\u00f3w, ofert specjalnych (na podstawie zgody u\u017cytkownika).<\/li>\n\n\n\n<li><strong>Analiza i poprawa dzia\u0142ania strony<\/strong>: analiza ruchu na stronie internetowej, poprawa jako\u015bci us\u0142ug.<\/li>\n<\/ul>\n\n\n\n<h4 class=\"wp-block-heading\">4. Przekazywanie danych osobowych<\/h4>\n\n\n\n<p>Nie przekazujemy Twoich danych osobowych podmiotom trzecim, chyba \u017ce jest to wymagane przepisami prawa lub niezb\u0119dne do realizacji zam\u00f3wienia (np. dostawcy us\u0142ug p\u0142atniczych, firmy kurierskie).<\/p>\n\n\n\n<h4 class=\"wp-block-heading\">5. Okres przechowywania danych<\/h4>\n\n\n\n<p>Dane osobowe b\u0119d\u0105 przechowywane przez okres niezb\u0119dny do realizacji cel\u00f3w, do kt\u00f3rych zosta\u0142y zebrane, a tak\u017ce przez czas wymagany przez przepisy prawa (np. do cel\u00f3w podatkowych lub ksi\u0119gowych).<\/p>\n\n\n\n<h4 class=\"wp-block-heading\">6. Twoje prawa<\/h4>\n\n\n\n<p>Masz prawo do:<\/p>\n\n\n\n<ul class=\"wp-block-list\">\n<li><strong>Dost\u0119pu do swoich danych<\/strong> \u2013 mo\u017cesz sprawdzi\u0107, jakie dane przechowujemy.<\/li>\n\n\n\n<li><strong>Sprostowania danych<\/strong> \u2013 mo\u017cesz poprawi\u0107 swoje dane, je\u015bli s\u0105 nieprawid\u0142owe.<\/li>\n\n\n\n<li><strong>Usuni\u0119cia danych<\/strong> \u2013 mo\u017cesz poprosi\u0107 o usuni\u0119cie swoich danych, je\u015bli nie s\u0105 ju\u017c potrzebne.<\/li>\n\n\n\n<li><strong>Ograniczenia przetwarzania<\/strong> \u2013 w okre\u015blonych sytuacjach mo\u017cesz \u017c\u0105da\u0107 ograniczenia przetwarzania swoich danych.<\/li>\n\n\n\n<li><strong>Przenoszenia danych<\/strong> \u2013 masz prawo do otrzymania swoich danych w formacie umo\u017cliwiaj\u0105cym ich przeniesienie do innego administratora.<\/li>\n\n\n\n<li><strong>Wniesienia sprzeciwu<\/strong> \u2013 mo\u017cesz wnie\u015b\u0107 sprzeciw wobec przetwarzania swoich danych na podstawie naszego uzasadnionego interesu.<\/li>\n<\/ul>\n\n\n\n<p>Aby skorzysta\u0107 ze swoich praw, skontaktuj si\u0119 z nami pod adresem e-mail: [Adres e-mail].<\/p>\n\n\n\n<h4 class=\"wp-block-heading\">7. Pliki cookies<\/h4>\n\n\n\n<p>Nasza strona u\u017cywa plik\u00f3w cookies, kt\u00f3re s\u0105 zapisywane na Twoim urz\u0105dzeniu w celu poprawy jako\u015bci us\u0142ug oraz analizy ruchu na stronie. Mo\u017cesz zarz\u0105dza\u0107 ustawieniami cookies w swojej przegl\u0105darce internetowej.<\/p>\n\n\n\n<h4 class=\"wp-block-heading\">8. Bezpiecze\u0144stwo danych<\/h4>\n\n\n\n<p>Zabezpieczamy Twoje dane osobowe przed dost\u0119pem os\u00f3b nieupowa\u017cnionych, w\u0142amaniem i nieautoryzowanym przetwarzaniem. Stosujemy odpowiednie \u015brodki techniczne i organizacyjne w celu zapewnienia ich bezpiecze\u0144stwa.<\/p>\n\n\n\n<h4 class=\"wp-block-heading\">9. Zmiany w polityce prywatno\u015bci<\/h4>\n\n\n\n<p>Zastrzegamy sobie prawo do wprowadzania zmian w niniejszej polityce prywatno\u015bci. Wszelkie zmiany b\u0119d\u0105 publikowane na tej stronie.<\/p>\n\n\n\n<h4 class=\"wp-block-heading\">10. Kontakt<\/h4>\n\n\n\n<p>Je\u015bli masz jakiekolwiek pytania dotycz\u0105ce naszej polityki prywatno\u015bci lub chcesz skorzysta\u0107 ze swoich praw, skontaktuj si\u0119 z nami za pomoc\u0105 poni\u017cszych danych kontaktowych:<\/p>\n\n\n\n<ul class=\"wp-block-list\">\n<li>E-mail: <a href=\"mailto:biuro.metalkomplex@gmail.com\">biuro.metalkomplex@gmail.com<\/a><\/li>\n\n\n\n<li>Telefon: <a href=\"tel:+48728735709\">+48 728 735 709<\/a><\/li>\n<\/ul>\n\n\n\n<hr class=\"wp-block-separator has-alpha-channel-opacity\"\/>\n\n\n\n<p>Mo\u017cesz dostosowa\u0107 powy\u017cszy szablon, wprowadzaj\u0105c odpowiednie dane firmy, szczeg\u00f3\u0142y dotycz\u0105ce przetwarzania danych i inne specyficzne informacje zwi\u0105zane z Twoj\u0105 witryn\u0105.<\/p>\n","protected":false},"excerpt":{"rendered":"<p>Data ostatniej aktualizacji: 24.06.2025 Na stronie metal-komplex.pl szanujemy Twoje prywatno\u015b\u0107 i zobowi\u0105zujemy si\u0119 do ochrony Twoich danych osobowych. Poni\u017cej przedstawiamy informacje na temat tego, jak zbieramy, przetwarzamy i przechowujemy Twoje dane. 1. Administrator danych Administratorem Twoich danych osobowych jest firma Metal-komplex, z siedzib\u0105 przy 95-050 Konstantyn\u00f3w \u0141\u00f3dzki plac Wolno\u015bci 35. Mo\u017cesz skontaktowa\u0107 si\u0119 z nami pod adresem e-mail: biuro.metalkomplex@gmail.com lub telefonicznie:+48 728 735 709 2. Jakie dane zbieramy? Podczas korzystania z naszej strony, mo\u017cemy zbiera\u0107 nast\u0119puj\u0105ce dane: 3. Cel przetwarzania danych Dane osobowe s\u0105 zbierane w nast\u0119puj\u0105cych celach: 4. Przekazywanie danych osobowych Nie przekazujemy Twoich danych osobowych podmiotom trzecim, chyba \u017ce jest to wymagane przepisami prawa lub niezb\u0119dne do realizacji zam\u00f3wienia (np. dostawcy us\u0142ug p\u0142atniczych, firmy kurierskie). 5. Okres przechowywania danych Dane osobowe b\u0119d\u0105 przechowywane przez okres niezb\u0119dny do realizacji cel\u00f3w, do kt\u00f3rych zosta\u0142y zebrane, a tak\u017ce przez czas wymagany przez przepisy prawa (np. do cel\u00f3w podatkowych lub ksi\u0119gowych). 6. Twoje prawa Masz prawo do: Aby skorzysta\u0107 ze swoich praw, skontaktuj si\u0119 z nami pod adresem e-mail: [Adres e-mail]. 7. Pliki cookies Nasza strona u\u017cywa plik\u00f3w cookies, kt\u00f3re s\u0105 zapisywane na Twoim urz\u0105dzeniu w celu poprawy jako\u015bci us\u0142ug oraz analizy ruchu na stronie. Mo\u017cesz zarz\u0105dza\u0107 ustawieniami cookies w swojej przegl\u0105darce internetowej. 8. Bezpiecze\u0144stwo danych Zabezpieczamy Twoje dane osobowe przed dost\u0119pem os\u00f3b nieupowa\u017cnionych, w\u0142amaniem i nieautoryzowanym przetwarzaniem. Stosujemy odpowiednie \u015brodki techniczne i organizacyjne w celu zapewnienia ich bezpiecze\u0144stwa. 9. Zmiany w polityce prywatno\u015bci Zastrzegamy sobie prawo do wprowadzania zmian w niniejszej polityce prywatno\u015bci. Wszelkie zmiany b\u0119d\u0105 publikowane na tej stronie. 10. Kontakt Je\u015bli masz jakiekolwiek pytania dotycz\u0105ce naszej polityki prywatno\u015bci lub chcesz skorzysta\u0107 ze swoich praw, skontaktuj si\u0119 z nami za pomoc\u0105 poni\u017cszych danych kontaktowych: Mo\u017cesz dostosowa\u0107 powy\u017cszy szablon, wprowadzaj\u0105c odpowiednie dane firmy, szczeg\u00f3\u0142y dotycz\u0105ce przetwarzania danych i inne specyficzne informacje zwi\u0105zane z Twoj\u0105 witryn\u0105.<\/p>\n","protected":false},"author":1,"featured_media":0,"parent":0,"menu_order":0,"comment_status":"closed","ping_status":"closed","template":"","meta":{"_eb_attr":"","footnotes":""},"class_list":["post-1022","page","type-page","status-publish","hentry"],"_links":{"self":[{"href":"https:\/\/metal-komplex.pl\/index.php?rest_route=\/wp\/v2\/pages\/1022","targetHints":{"allow":["GET"]}}],"collection":[{"href":"https:\/\/metal-komplex.pl\/index.php?rest_route=\/wp\/v2\/pages"}],"about":[{"href":"https:\/\/metal-komplex.pl\/index.php?rest_route=\/wp\/v2\/types\/page"}],"author":[{"embeddable":true,"href":"https:\/\/metal-komplex.pl\/index.php?rest_route=\/wp\/v2\/users\/1"}],"replies":[{"embeddable":true,"href":"https:\/\/metal-komplex.pl\/index.php?rest_route=%2Fwp%2Fv2%2Fcomments&post=1022"}],"version-history":[{"count":1,"href":"https:\/\/metal-komplex.pl\/index.php?rest_route=\/wp\/v2\/pages\/1022\/revisions"}],"predecessor-version":[{"id":1025,"href":"https:\/\/metal-komplex.pl\/index.php?rest_route=\/wp\/v2\/pages\/1022\/revisions\/1025"}],"wp:attachment":[{"href":"https:\/\/metal-komplex.pl\/index.php?rest_route=%2Fwp%2Fv2%2Fmedia&parent=1022"}],"curies":[{"name":"wp","href":"https:\/\/api.w.org\/{rel}","templated":true}]}}